{"id":326,"date":"2015-05-02T19:55:06","date_gmt":"2015-05-02T18:55:06","guid":{"rendered":"http:\/\/ventilator.fr\/?page_id=326"},"modified":"2025-08-24T19:05:40","modified_gmt":"2025-08-24T18:05:40","slug":"accueil","status":"publish","type":"page","link":"https:\/\/www.ventilator.fr\/","title":{"rendered":"ACCUEIL"},"content":{"rendered":"<div id=\"pl-326\" class=\"panel-layout\">\n<div id=\"pg-326-0\" class=\"panel-grid panel-no-style\">\n<div id=\"pgc-326-0-0\" class=\"panel-grid-cell\" data-weight=\"1\">\n<div id=\"panel-326-0-0-0\" class=\"so-panel widget widget_sow-editor panel-first-child panel-last-child\" data-index=\"0\" data-style=\"{&quot;background_image_attachment&quot;:false,&quot;background_display&quot;:&quot;tile&quot;}\">\n<div class=\"so-widget-sow-editor so-widget-sow-editor-base\">\n<div class=\"siteorigin-widget-tinymce textwidget\">\n<h1>Bienvenue sur le site des VENTILATOR<\/h1>\n<p><strong>2025:<\/strong> A l&rsquo;est le dictateur post communiste, \u00e0 \u00a0L&rsquo;ouest \u00a0 un Fou peroxyd\u00e9 assist\u00e9 du\u00a0 docteur folamour post Afrikaners \u00a0et partout les populistes ! franchement \u00a0c&rsquo;est pas la joie<a href=\"http:\/\/www.ventilator.fr\/wp-content\/uploads\/2019\/07\/Ventilo-fort-de-champigny.jpg\"><br \/>\n<\/a><\/p>\n<p>Afin d&rsquo;\u00e9viter de sombrer dans la d\u00e9pression et la parano\u00efa , Faisons un bond r\u00e9cr\u00e9atif de 30 ans en arri\u00e8re avec les ventilos \u00a0 \u00a0 \u00a0 <a href=\"https:\/\/www.ventilator.fr\/wp-content\/uploads\/2024\/09\/Ventilo-fort-de-champigny-orange-scaled.jpg\"><img loading=\"lazy\" decoding=\"async\" class=\"size-medium wp-image-904 alignright\" src=\"https:\/\/www.ventilator.fr\/wp-content\/uploads\/2024\/09\/Ventilo-fort-de-champigny-orange-300x292.jpg\" alt=\"\" width=\"300\" height=\"292\" srcset=\"https:\/\/www.ventilator.fr\/wp-content\/uploads\/2024\/09\/Ventilo-fort-de-champigny-orange-300x292.jpg 300w, https:\/\/www.ventilator.fr\/wp-content\/uploads\/2024\/09\/Ventilo-fort-de-champigny-orange-1024x997.jpg 1024w, https:\/\/www.ventilator.fr\/wp-content\/uploads\/2024\/09\/Ventilo-fort-de-champigny-orange-768x747.jpg 768w, https:\/\/www.ventilator.fr\/wp-content\/uploads\/2024\/09\/Ventilo-fort-de-champigny-orange-1536x1495.jpg 1536w, https:\/\/www.ventilator.fr\/wp-content\/uploads\/2024\/09\/Ventilo-fort-de-champigny-orange-2048x1993.jpg 2048w\" sizes=\"auto, (max-width: 300px) 100vw, 300px\" \/><\/a><\/p>\n<\/div>\n<p style=\"text-align: left;\">Une musique qui rassemble, d&rsquo;une p\u00e9riode ou n&rsquo;existaient pas les r\u00e9seaux sociaux , les fakes news , les populistes et les apprentis sorciers.<\/p>\n<\/div>\n<div class=\"so-widget-sow-editor so-widget-sow-editor-base\">\n<div class=\"siteorigin-widget-tinymce textwidget\" style=\"text-align: left;\">\n<p>Nous avons publi\u00e9 cette album \u00a0sur Deezer, Apples musique, Spotify ,Amazon music et youtube. Partagez cette info \u00a0!<\/p>\n<\/div>\n<div class=\"siteorigin-widget-tinymce textwidget\">\n<p style=\"text-align: left;\">Postez vos commentaires et petites histoires concernant les ventilos sur CHAT<\/p>\n<p style=\"text-align: left;\">De Paris \u00e0 Marseille, Lyon, Lilles, Bourges, Chamb\u00e9ry, Grenoble, Amsterdam , Haarlem, Rotterdam &#8230; pour finir \u00e0 Rio de Janeiro, 15 ans d&rsquo;aventures , de rires , d&rsquo;amour et de larmes<\/p>\n<p style=\"text-align: left;\">Merci \u00e0 <a id=\"js_1r\" class=\"profileLink\" title=\"Thierry Raulet\" href=\"https:\/\/www.facebook.com\/thierry.raulet.1?__tn__=%2CdK-R-R&amp;eid=ARBaDmBldllqtsdCnFFZEuZ3XZG_v7e7UznE89_lDeryDhlJghSIZKg3_YEMDQetOdht3P_Ja_ldH_5Q&amp;fref=mentions\" data-hovercard=\"\/ajax\/hovercard\/user.php?id=100001904197189&amp;extragetparams=%7B%22__tn__%22%3A%22%2CdK-R-R%22%2C%22eid%22%3A%22ARBaDmBldllqtsdCnFFZEuZ3XZG_v7e7UznE89_lDeryDhlJghSIZKg3_YEMDQetOdht3P_Ja_ldH_5Q%22%2C%22fref%22%3A%22mentions%22%7D\" data-hovercard-prefer-more-content-show=\"1\" aria-describedby=\"u_v_1\" aria-owns=\"\">Thierry Raulet<\/a>, <a id=\"js_1c\" class=\"_6qw4\" href=\"https:\/\/www.facebook.com\/unclstf\" data-hovercard=\"\/ajax\/hovercard\/user.php?id=1471364664&amp;extragetparams={&quot;directed_target_id&quot;: &quot; &quot;}\" aria-describedby=\"u_r_1\" aria-owns=\"\">Uncl Stf<\/a>\u00a0, jean phi,\u00a0<a id=\"js_1o\" title=\"Jean-michel Aga\u00ebsse\" href=\"https:\/\/www.facebook.com\/jeanmichel.agaesse?fref=pb&amp;__tn__=%2Cd-a-R&amp;eid=ARBohx0yympADizYvGpD6f5twlBoQDZxGu6KJf0rFYhRTasyCyC7XEldxIbHPh2VBiDb1xDL37j0IpST&amp;hc_location=profile_browser\" data-gt=\"{&quot;engagement&quot;:{&quot;eng_type&quot;:&quot;1&quot;,&quot;eng_src&quot;:&quot;2&quot;,&quot;eng_tid&quot;:&quot;100000484580537&quot;,&quot;eng_data&quot;:[]}}\" data-hovercard=\"\/ajax\/hovercard\/user.php?id=100000484580537&amp;extragetparams=%7B%22__tn__%22%3A%22%2Cd-a-R%22%2C%22eid%22%3A%22ARBohx0yympADizYvGpD6f5twlBoQDZxGu6KJf0rFYhRTasyCyC7XEldxIbHPh2VBiDb1xDL37j0IpST%22%2C%22hc_location%22%3A%22profile_browser%22%7D\" data-hovercard-prefer-more-content-show=\"1\" aria-describedby=\"u_19_1\" aria-owns=\"\">Jean-michel Aga\u00ebsse<\/a>, Sabino, <a href=\"https:\/\/www.facebook.com\/roland.nurbel?fref=pb&amp;hc_location=friends_tab\">Roland Nurbel <\/a>\u00a0et Johan d&rsquo;avoir fait partie de la bande , \u00a0\u00e0 deux doigts d&rsquo;\u00eatre c\u00e9l\u00e8bre !<\/p>\n<p>Roland nous a quitt\u00e9 il y a peu. Il fut un formidable compagnon de route. Roland l&rsquo;indien nous manque. <a href=\"https:\/\/www.ventilator.fr\/wp-content\/uploads\/2023\/12\/ventilo-5.jpg\"><img loading=\"lazy\" decoding=\"async\" class=\"alignnone  wp-image-886\" src=\"https:\/\/www.ventilator.fr\/wp-content\/uploads\/2023\/12\/ventilo-5-300x225.jpg\" alt=\"\" width=\"207\" height=\"155\" srcset=\"https:\/\/www.ventilator.fr\/wp-content\/uploads\/2023\/12\/ventilo-5-300x225.jpg 300w, https:\/\/www.ventilator.fr\/wp-content\/uploads\/2023\/12\/ventilo-5-1024x768.jpg 1024w, https:\/\/www.ventilator.fr\/wp-content\/uploads\/2023\/12\/ventilo-5-768x576.jpg 768w, https:\/\/www.ventilator.fr\/wp-content\/uploads\/2023\/12\/ventilo-5-1536x1151.jpg 1536w, https:\/\/www.ventilator.fr\/wp-content\/uploads\/2023\/12\/ventilo-5.jpg 1825w\" sizes=\"auto, (max-width: 207px) 100vw, 207px\" \/><\/a><a href=\"https:\/\/www.ventilator.fr\/wp-content\/uploads\/2023\/12\/Capture-decran-2023-12-31-a-16.09.30.jpg\"><img loading=\"lazy\" decoding=\"async\" class=\"alignnone  wp-image-895\" src=\"https:\/\/www.ventilator.fr\/wp-content\/uploads\/2023\/12\/Capture-decran-2023-12-31-a-16.09.30-300x292.jpg\" alt=\"\" width=\"161\" height=\"157\" srcset=\"https:\/\/www.ventilator.fr\/wp-content\/uploads\/2023\/12\/Capture-decran-2023-12-31-a-16.09.30-300x292.jpg 300w, https:\/\/www.ventilator.fr\/wp-content\/uploads\/2023\/12\/Capture-decran-2023-12-31-a-16.09.30-1024x996.jpg 1024w, https:\/\/www.ventilator.fr\/wp-content\/uploads\/2023\/12\/Capture-decran-2023-12-31-a-16.09.30-768x747.jpg 768w, https:\/\/www.ventilator.fr\/wp-content\/uploads\/2023\/12\/Capture-decran-2023-12-31-a-16.09.30-1536x1494.jpg 1536w, https:\/\/www.ventilator.fr\/wp-content\/uploads\/2023\/12\/Capture-decran-2023-12-31-a-16.09.30.jpg 1620w\" sizes=\"auto, (max-width: 161px) 100vw, 161px\" \/><\/a><\/p>\n<p>Si vous \u00eates en possession de photos ou de documents \u00a0concernant les Ventilos,\u00a0merci de les envoyer \u00e0 <a href=\"mailto:vouslescopains@ventilator.fr\">\u00a0vouslescopains@ventilator.fr<\/a><\/p>\n<p>A Bient\u00f4t les amis !<\/p>\n<p><a id=\"js_4n\" class=\"profileLink\" title=\"Christophe Cheret\" href=\"https:\/\/www.facebook.com\/christophe.cheret?__tn__=%2CdK-R-R&amp;eid=ARA62f8NoQP1PNFNEqfpo9-KO25PfR-FWfb_gzxo3vR1S9tR8r-2XNkNGmkfbhlQRLIAnnaPZ8lOy8XF&amp;fref=mentions\" data-hovercard=\"\/ajax\/hovercard\/user.php?id=672514265&amp;extragetparams=%7B%22__tn__%22%3A%22%2CdK-R-R%22%2C%22eid%22%3A%22ARA62f8NoQP1PNFNEqfpo9-KO25PfR-FWfb_gzxo3vR1S9tR8r-2XNkNGmkfbhlQRLIAnnaPZ8lOy8XF%22%2C%22fref%22%3A%22mentions%22%7D\" data-hovercard-prefer-more-content-show=\"1\" aria-describedby=\"u_30_1\" aria-owns=\"\">Christophe<\/a><\/p>\n<p>Nous sommes <script type=\"text\/javascript\" src=\"\/\/compteur.websiteout.com\/js\/2\/0\/32657\/0\"><\/script> Fans des VENTILATOR<\/p>\n<\/div>\n<\/div>\n<\/div>\n<\/div>\n<\/div>\n<div id=\"pg-326-1\" class=\"panel-grid panel-no-style\" data-style=\"{&quot;background_image_attachment&quot;:false,&quot;background_display&quot;:&quot;tile&quot;,&quot;cell_alignment&quot;:&quot;flex-start&quot;}\">\n<div id=\"pgc-326-1-0\" class=\"panel-grid-cell panel-grid-cell-empty panel-grid-cell-mobile-last\" data-weight=\"0.8\"><\/div>\n<div id=\"pgc-326-1-1\" class=\"panel-grid-cell panel-grid-cell-empty\" data-style=\"{&quot;background_image_attachment&quot;:false,&quot;background_display&quot;:&quot;tile&quot;,&quot;vertical_alignment&quot;:&quot;auto&quot;}\" data-weight=\"0.2\"><\/div>\n<\/div>\n<\/div>\n<p><!--more--><\/p>\n<p><!--more--><\/p>\n","protected":false},"excerpt":{"rendered":"<p>Bienvenue sur le site des VENTILATOR 2025: A l&rsquo;est le dictateur post communiste, \u00e0 \u00a0L&rsquo;ouest \u00a0 un Fou peroxyd\u00e9 assist\u00e9 du\u00a0 docteur folamour post Afrikaners \u00a0et partout les populistes ! franchement \u00a0c&rsquo;est pas la joie Afin d&rsquo;\u00e9viter de sombrer dans la d\u00e9pression et la parano\u00efa , Faisons un bond r\u00e9cr\u00e9atif de 30 ans en arri\u00e8re [&hellip;]<\/p>\n","protected":false},"author":1,"featured_media":0,"parent":0,"menu_order":0,"comment_status":"closed","ping_status":"closed","template":"templates\/template-full-notitle.php","meta":{"footnotes":""},"class_list":["post-326","page","type-page","status-publish","hentry","post"],"_links":{"self":[{"href":"https:\/\/www.ventilator.fr\/index.php?rest_route=\/wp\/v2\/pages\/326","targetHints":{"allow":["GET"]}}],"collection":[{"href":"https:\/\/www.ventilator.fr\/index.php?rest_route=\/wp\/v2\/pages"}],"about":[{"href":"https:\/\/www.ventilator.fr\/index.php?rest_route=\/wp\/v2\/types\/page"}],"author":[{"embeddable":true,"href":"https:\/\/www.ventilator.fr\/index.php?rest_route=\/wp\/v2\/users\/1"}],"replies":[{"embeddable":true,"href":"https:\/\/www.ventilator.fr\/index.php?rest_route=%2Fwp%2Fv2%2Fcomments&post=326"}],"version-history":[{"count":102,"href":"https:\/\/www.ventilator.fr\/index.php?rest_route=\/wp\/v2\/pages\/326\/revisions"}],"predecessor-version":[{"id":931,"href":"https:\/\/www.ventilator.fr\/index.php?rest_route=\/wp\/v2\/pages\/326\/revisions\/931"}],"wp:attachment":[{"href":"https:\/\/www.ventilator.fr\/index.php?rest_route=%2Fwp%2Fv2%2Fmedia&parent=326"}],"curies":[{"name":"wp","href":"https:\/\/api.w.org\/{rel}","templated":true}]}}