{"id":145,"date":"2015-04-26T16:36:29","date_gmt":"2015-04-26T15:36:29","guid":{"rendered":"http:\/\/ventilator.fr\/?page_id=145"},"modified":"2015-05-17T20:15:16","modified_gmt":"2015-05-17T19:15:16","slug":"historic","status":"publish","type":"page","link":"https:\/\/www.ventilator.fr\/?page_id=145","title":{"rendered":"historic"},"content":{"rendered":"<div id=\"pl-145\"  class=\"panel-layout\" ><div id=\"pg-145-0\"  class=\"panel-grid panel-no-style\" ><div id=\"pgc-145-0-0\"  class=\"panel-grid-cell\" ><div id=\"panel-145-0-0-0\" class=\"so-panel widget widget_black-studio-tinymce widget_black_studio_tinymce panel-first-child panel-last-child\" data-index=\"0\" ><div class=\"panel-widget-style panel-widget-style-for-145-0-0-0\" ><div class=\"textwidget\"><p><span style=\"color: #ffffff;\"><a style=\"color: #ffffff;\" href=\"http:\/\/ventilator.fr\/wp-content\/uploads\/2015\/04\/AU-NOM-DE-DIEU-mp3-image.jpg\"><img loading=\"lazy\" decoding=\"async\" class=\"  wp-image-58 aligncenter\" src=\"http:\/\/ventilator.fr\/wp-content\/uploads\/2015\/04\/AU-NOM-DE-DIEU-mp3-image-300x163.jpg\" alt=\"\" width=\"458\" height=\"249\" srcset=\"https:\/\/www.ventilator.fr\/wp-content\/uploads\/2015\/04\/AU-NOM-DE-DIEU-mp3-image-300x163.jpg 300w, https:\/\/www.ventilator.fr\/wp-content\/uploads\/2015\/04\/AU-NOM-DE-DIEU-mp3-image-461x250.jpg 461w, https:\/\/www.ventilator.fr\/wp-content\/uploads\/2015\/04\/AU-NOM-DE-DIEU-mp3-image.jpg 789w\" sizes=\"auto, (max-width: 458px) 100vw, 458px\" \/><\/a><\/span><\/p>\n<div align=\"justify\"><span style=\"color: #0e0e0e; font-family: Arial; font-size: small;\">Fond\u00e9 en 1981, Les Ventilators ont commenc\u00e9 \u00e0 se produire cette m\u00eame ann\u00e9e <em>Salle des f\u00eates<\/em> de Rungis pour finir 20 ans plus tard au <em>Circo Voador\u00a0 Rio de Janeiro\u00a0 Brazil<\/em>.<\/span><\/div>\n<div align=\"justify\"><span style=\"color: #0e0e0e; font-family: Arial; font-size: small;\">\u00a0<\/span><\/div>\n<div align=\"justify\"><span style=\"color: #0e0e0e;\"><span style=\"font-family: Arial; font-size: small;\">Issu de la g\u00e9n\u00e9ration qui avait 17 ans en 1977,\u00a0<\/span><span style=\"font-family: 'Comic Sans MS'; font-size: small;\"><strong>VENTILATOR<\/strong>*<\/span><span style=\"font-family: Arial; font-size: small;\">\u00a0a \u00e9cum\u00e9 les sc\u00e8nes francaises de 1980 \u00e0 1994.<\/span><\/span><\/div>\n<div align=\"justify\"><span style=\"color: #0e0e0e; font-family: Arial; font-size: small;\">G\u00e9n\u00e9ration des <strong>Beru<\/strong>, <strong>Portes Mentaux<\/strong>, <strong>Souris d\u00e9glingu\u00e9<\/strong>, <strong>Oberkampf<\/strong>, <strong>Gar\u00e7ons bouchers<\/strong>, <strong>Doc Lebrun<\/strong>.<\/span><\/div>\n<div align=\"justify\"><span style=\"color: #0e0e0e; font-family: Arial; font-size: small;\">\u00a0<\/span><\/div>\n<div align=\"justify\"><span style=\"color: #0e0e0e; font-family: Arial; font-size: small;\">L'aventure, les id\u00e9aux, l'amiti\u00e9, le rock, le son, les f\u00eates, leurs exc\u00e8s furent le ciment de cette aventure de plus de 15 ans. Souvent compar\u00e9s \u00e0 une secte, les Ventilos ont cultiv\u00e9 ces valeurs, sans jamais se prendre au s\u00e9rieux.<\/span><\/div>\n<div align=\"justify\"><span style=\"color: #0e0e0e; font-family: Arial; font-size: small;\">\u00a0<\/span><\/div>\n<div align=\"justify\"><span style=\"color: #0e0e0e; font-family: Arial; font-size: small;\">Amsterdam, le Gibus, le fort de champigny et les diff\u00e9rentes sc\u00e8nes alternatives francaise furent leurs territoires.<\/span><\/div>\n<div align=\"justify\"><span style=\"color: #0e0e0e; font-family: Arial; font-size: small;\">\u00a0<\/span><\/div>\n<div align=\"justify\"><span style=\"color: #0e0e0e;\"><span style=\"font-family: Arial; font-size: small;\">Ca passe ou \u00e7a casse fut le slogan et\u00a0<\/span><strong><span style=\"font-family: Arial; font-size: small;\">DRDF<\/span><\/strong><span style=\"font-family: Arial; font-size: small;\">\u00a0l'association qui s'occupa de faire vivre cette aventure.<\/span><\/span><\/div>\n<div align=\"justify\"><span style=\"color: #0e0e0e; font-family: Arial; font-size: small;\">\u00a0<\/span><\/div>\n<div align=\"justify\"><span style=\"color: #0e0e0e;\"><span style=\"font-family: Arial; font-size: small;\">Officiellement,\u00a0<\/span><span style=\"font-family: 'Comic Sans MS'; font-size: small;\"><strong>VENTILATOR<\/strong>**<\/span><span style=\"font-family: Arial; font-size: small;\">\u00a0joua son dernier concert \u00e0 Rio de Janeiro en 1994 devant plus de 600 000 personnes en soutient \u00e0 LULA, candidat \u00e0 l'\u00e9lection pr\u00e9sidentielle, qu'il perdit cette fois-ci mais qu'il gagna la fois d'apr\u00e8s !\u00a0<\/span><\/span><\/div>\n<div align=\"justify\">\u00a0<\/div>\n<div align=\"justify\">\u00a0<\/div>\n<div align=\"justify\">\n<hr \/>\n<\/div>\n<div align=\"justify\"><em>* On\u00a0a emprunt\u00e9\u00a0le nom <strong>VENTILATOR<\/strong> \u00e0 mon fr\u00e8re Philippe CHERET qui a fait tourn\u00e9 de nombreux artistes tel \u00a0 Telephone, Gong, Higelin, Lavilliers .<\/em>...<\/div>\n<div align=\"justify\">\u00a0<\/div>\n<div align=\"justify\">** \u00a0<em>Der Ventilator:\u00a0revue \u00a0fond\u00e9e par\u00a0Baargeld en 1919, revue officielle du mouvement DADAISTE.<\/em><\/div>\n<div align=\"justify\">\u00a0<\/div>\n<p><a href=\"http:\/\/ventilator.fr\/wp-content\/uploads\/2015\/05\/sparta.jpg\"><img loading=\"lazy\" decoding=\"async\" class=\"alignnone size-full wp-image-527\" src=\"http:\/\/ventilator.fr\/wp-content\/uploads\/2015\/05\/sparta.jpg\" alt=\"sparta\" width=\"185\" height=\"273\" \/><\/a><a href=\"http:\/\/ventilator.fr\/wp-content\/uploads\/2015\/05\/dada6.jpg\"><img loading=\"lazy\" decoding=\"async\" class=\"alignnone  wp-image-526\" src=\"http:\/\/ventilator.fr\/wp-content\/uploads\/2015\/05\/dada6-223x300.jpg\" alt=\"dada6\" width=\"198\" height=\"266\" srcset=\"https:\/\/www.ventilator.fr\/wp-content\/uploads\/2015\/05\/dada6-223x300.jpg 223w, https:\/\/www.ventilator.fr\/wp-content\/uploads\/2015\/05\/dada6.jpg 290w\" sizes=\"auto, (max-width: 198px) 100vw, 198px\" \/><\/a><a href=\"http:\/\/ventilator.fr\/wp-content\/uploads\/2015\/04\/Titelblatt_von_Der_Ventilator_K\u00f6ln_1919.jpg\"><img loading=\"lazy\" decoding=\"async\" class=\"alignnone  wp-image-523\" src=\"http:\/\/ventilator.fr\/wp-content\/uploads\/2015\/04\/Titelblatt_von_Der_Ventilator_K\u00f6ln_1919-206x300.jpg\" alt=\"Titelblatt_von_Der_Ventilator,_K\u00f6ln_1919\" width=\"185\" height=\"269\" srcset=\"https:\/\/www.ventilator.fr\/wp-content\/uploads\/2015\/04\/Titelblatt_von_Der_Ventilator_K\u00f6ln_1919-206x300.jpg 206w, https:\/\/www.ventilator.fr\/wp-content\/uploads\/2015\/04\/Titelblatt_von_Der_Ventilator_K\u00f6ln_1919.jpg 450w\" sizes=\"auto, (max-width: 185px) 100vw, 185px\" \/><\/a><a href=\"http:\/\/ventilator.fr\/wp-content\/uploads\/2015\/05\/autocollant-2-e1431149654986.jpg\"><img loading=\"lazy\" decoding=\"async\" class=\"alignnone  wp-image-513\" src=\"http:\/\/ventilator.fr\/wp-content\/uploads\/2015\/05\/autocollant-2-274x300.jpg\" alt=\"autocollant (2)\" width=\"241\" height=\"264\" \/><\/a><a href=\"http:\/\/ventilator.fr\/wp-content\/uploads\/2015\/05\/dada.jpg\"><img loading=\"lazy\" decoding=\"async\" class=\"alignnone  wp-image-305\" src=\"http:\/\/ventilator.fr\/wp-content\/uploads\/2015\/05\/dada-225x300.jpg\" alt=\"dada\" width=\"191\" height=\"255\" srcset=\"https:\/\/www.ventilator.fr\/wp-content\/uploads\/2015\/05\/dada-225x300.jpg 225w, https:\/\/www.ventilator.fr\/wp-content\/uploads\/2015\/05\/dada.jpg 480w\" sizes=\"auto, (max-width: 191px) 100vw, 191px\" \/><\/a><\/p>\n<\/div><\/div><\/div><\/div><\/div><\/div>","protected":false},"excerpt":{"rendered":"<p>Fond\u00e9 en 1981, Les Ventilators ont commenc\u00e9 \u00e0 se produire cette m\u00eame ann\u00e9e Salle des f\u00eates de Rungis pour finir 20 ans plus tard au Circo Voador\u00a0 Rio de Janeiro\u00a0 Brazil.\u00a0Issu de la g\u00e9n\u00e9ration qui avait 17 ans en 1977,\u00a0VENTILATOR*\u00a0a \u00e9cum\u00e9 les sc\u00e8nes francaises de 1980 \u00e0 1994.G\u00e9n\u00e9ration des Beru, Portes Mentaux, Souris d\u00e9glingu\u00e9, Oberkampf, [&hellip;]<\/p>\n","protected":false},"author":1,"featured_media":0,"parent":0,"menu_order":0,"comment_status":"closed","ping_status":"closed","template":"templates\/template-full-notitle.php","meta":{"footnotes":""},"class_list":["post-145","page","type-page","status-publish","hentry","post"],"_links":{"self":[{"href":"https:\/\/www.ventilator.fr\/index.php?rest_route=\/wp\/v2\/pages\/145","targetHints":{"allow":["GET"]}}],"collection":[{"href":"https:\/\/www.ventilator.fr\/index.php?rest_route=\/wp\/v2\/pages"}],"about":[{"href":"https:\/\/www.ventilator.fr\/index.php?rest_route=\/wp\/v2\/types\/page"}],"author":[{"embeddable":true,"href":"https:\/\/www.ventilator.fr\/index.php?rest_route=\/wp\/v2\/users\/1"}],"replies":[{"embeddable":true,"href":"https:\/\/www.ventilator.fr\/index.php?rest_route=%2Fwp%2Fv2%2Fcomments&post=145"}],"version-history":[{"count":27,"href":"https:\/\/www.ventilator.fr\/index.php?rest_route=\/wp\/v2\/pages\/145\/revisions"}],"predecessor-version":[{"id":565,"href":"https:\/\/www.ventilator.fr\/index.php?rest_route=\/wp\/v2\/pages\/145\/revisions\/565"}],"wp:attachment":[{"href":"https:\/\/www.ventilator.fr\/index.php?rest_route=%2Fwp%2Fv2%2Fmedia&parent=145"}],"curies":[{"name":"wp","href":"https:\/\/api.w.org\/{rel}","templated":true}]}}